{"id":27,"date":"2012-11-14T12:39:12","date_gmt":"2012-11-14T10:39:12","guid":{"rendered":"http:\/\/idl-cugir.ro\/?page_id=27"},"modified":"2012-11-16T11:54:14","modified_gmt":"2012-11-16T09:54:14","slug":"m1-1","status":"publish","type":"page","link":"https:\/\/idl-cugir.ro\/m1\/m1-1\/","title":{"rendered":"Istoric"},"content":{"rendered":"<p style=\"text-align: center;\"><strong>SCURT ISTORIC AL \u00ceNV\u0102\u0162\u0102M\u00c2NTULUI TEHNIC DIN CUGIR<\/strong><\/p>\n<ul>\n<li><strong><\/strong>\u00centre anii 1896-1905 a func\u0163ionat \u00een Cugir o form\u0103 de \u00eenv\u0103\u0163\u0103m\u00e2nt profesional cu 4 ani\u00a0 de \u00eenv\u0103\u0163\u0103tur\u0103. \u015ecoala era patronat\u0103 de Uzina de Fier din localitate.<\/li>\n<li>\u00cen anul 1923 \u201c \u015ecoala de ucenici\u201d era frecventat\u0103 de 49 elevi<\/li>\n<li>\u00cen anul 1927\u00a0 \u201c \u015ecoala industrial\u0103 de ucenici\u201d cu un efectiv de 32 elevi, atestarea documentar\u0103 exist\u00e2nd \u00een arhiva \u015fcolii &#8211; Registrul matricol nr.1.<\/li>\n<li>Din 1 septembrie 1936 \u015ecoala de ucenici\u00a0 a Uzinelor Metalurgice Cop\u015fa Mic\u0103-Cugir func\u0163ioneaz\u0103 cu\u00a0 o clas\u0103 de 35 de elevi. Durata \u015fcolariz\u0103rii \u2013 4 ani, meseriile \u00een care erau preg\u0103ti\u0163i elevii: strungari, l\u0103c\u0103tu\u015fi,\u00a0 frezori.<\/li>\n<li>\u00centre 1939-1941, \u015ecoala avea 4 clase cu un efectiv de aproximativ de 240 elevi.<\/li>\n<li>Din anul 1946 \u015ecoala s-a numit \u201c\u015ecoala industrial\u0103 pentru ucenici C.M.C. Cugir\u201d<\/li>\n<li>Din 27 iulie 1951 ia denumire de \u201c \u015ecoala profesional\u0103 nr.3 Metalurgic\u0103 Cugir\u201d, \u015fi trece la Ministerul \u00cenv\u0103\u0163\u0103m\u00e2ntului &#8211; Direc\u0163ia general\u0103 a rezervelor de munc\u0103.<\/li>\n<li>\u00cen\u00a0 perioada 1944-1951 au absolvit\u00a0 la \u015fcoala profesional\u0103 352 elevi.<\/li>\n<li>\u00centre 1951-1955 au absolvit \u015fcoala profesional\u0103 440 elevi.<\/li>\n<li>\u00cen anul 1955 \u015fcoala trece sub tutela M.I.M.C.M., lu\u00e2nd denumirea de \u201c\u015ecoala profesional\u0103 Cugir\u201d.<\/li>\n<li>Din anul 1961 ia denumirea de\u00a0 \u201cGrup \u015ecolar U.M. Cugir\u201d.<\/li>\n<li>\u00cen anul 1962-1963 ia fiin\u0163\u0103 \u00een cadrul Grupului \u015fcolar \u015fi o \u015fcoal\u0103 tehnic\u0103 de mai\u015ftri \u2013curs seral.<\/li>\n<li>\u00centre anii 1955-1965 au absolvit 1223 elevi la \u015fcoala de profesional\u0103, tehnic\u0103 \u015fi de mai\u015ftri.<\/li>\n<li>\u00cen anul \u015fcolar 1964-1965, Grupul \u015ecolar U.M. Cugir avea un efectiv de 1135 elevi, preg\u0103ti\u0163i \u00een meseriile : prelucr\u0103tori prin a\u015fchiere, electricieni &#8211; \u015fcoala profesional\u0103; tehnicieni construc\u0163ii de ma\u015fini tehnicieni electromecanici \u2013 \u015fcoala tehnic\u0103; mai\u015ftri prelucrarea metalelor prin a\u015fchiere, l\u0103c\u0103tu\u015f &#8211; \u015fcoala de mai\u015ftri.<\/li>\n<li>\u00cen anul \u015fcolar 1965-1966 a func\u0163ionat cu un num\u0103r de 2406 elevi.<\/li>\n<li>\u00cen anul \u015fcolar 1972-1973 existau 2213 elevi.<\/li>\n<li>\u00cen 1974 Grupul \u015ecolar s-a transformat \u00een \u201c Liceul Industrial Nr.2 Cugir\u201d , care a avut primii absolven\u0163i \u00een anul 1978-136 elevi. \u00cen cadrul liceului au func\u0163ionat \u00een continuare toate celelalte forme de \u015fcoal\u0103 profesional\u0103 de p\u00e2n\u0103 atunci.<\/li>\n<li>\u00cen anul \u015fcolar 1982-1983, Liceul Industrial Nr.2 Cugir func\u0163iona cu 18 clase liceu zi-treapta I-a, 6clase zi +5 clase seral \u2013 treapta a II-a, \u015fi 4 clase profesional\u0103 \u2013anul III, av\u00e2nd un num\u0103r de 42 cadre didactice titulare \u015fi 16 mai\u015ftri instructori.<\/li>\n<li>\u00cen anul 1991 prin ordin al Ministrului \u00cenv\u0103\u0163\u0103m\u00e2ntului, , Liceul Industrial Nr.2 Cugir, revine la denumire de \u201cGrupul \u015ecolar Industrial Construc\u0163ii de Ma\u015fini \u201cCugir.<\/li>\n<li>\u00cen 1992-1993 existau 1094 elevi cuprin\u015fi \u00een toate formele de \u00eenv\u0103\u0163\u0103m\u00e2nt : liceu zi, seral profesional\u0103, \u015fcoal\u0103 postliceal\u0103.<\/li>\n<li>Din 1995 Grupul \u015fcolar a fost cuprins \u00een Programul PHARE-VET RO 9405, ca \u015fcoal\u0103 de demonstra\u0163ie. \u015ecoala a beneficiat cu aceast\u0103 ocazie de o dotare de 1,7 miliarde lei, iar un num\u0103r de 18 cadre didactice au participat la cursuri de perfec\u0163ionare \u015fi formare organizate.<br \/>\n\u00cen anul \u015fcolar 1997-1998 existau\u00a0 1062 elevi cuprin\u015fi \u00een toate formele de \u00eenv\u0103\u0163\u0103m\u00e2nt : liceu zi, seral profesional\u0103, \u015fcoal\u0103 postliceal\u0103.<\/li>\n<li>Din\u00a0 data de 18 noiembrie 2000 Grupul \u015ecolar Industrial Cugir\u00a0 \u00ee\u015fi modific\u0103 denumirea devenind, actualul\u00a0 Colegiul Tehnic \u201cIon D. L\u0103z\u0103rescu\u201d Cugir.<\/li>\n<\/ul>\n","protected":false},"excerpt":{"rendered":"<p>SCURT ISTORIC AL \u00ceNV\u0102\u0162\u0102M\u00c2NTULUI TEHNIC DIN CUGIR \u00centre anii 1896-1905 a func\u0163ionat \u00een Cugir o form\u0103 de \u00eenv\u0103\u0163\u0103m\u00e2nt profesional cu 4 ani\u00a0 de \u00eenv\u0103\u0163\u0103tur\u0103. \u015ecoala era patronat\u0103 de Uzina de <a class=\"more-link\" href=\"https:\/\/idl-cugir.ro\/m1\/m1-1\/\">Continue Reading &rarr;<\/a><\/p>\n","protected":false},"author":1,"featured_media":0,"parent":23,"menu_order":0,"comment_status":"closed","ping_status":"closed","template":"","meta":{"footnotes":""},"class_list":["post-27","page","type-page","status-publish","hentry"],"yoast_head":"<!-- This site is optimized with the Yoast SEO plugin v27.3 - https:\/\/yoast.com\/product\/yoast-seo-wordpress\/ -->\n<title>Istoric - Liceul Tehnologic Ion D. L\u0103z\u0103rescu Cugir<\/title>\n<meta name=\"robots\" content=\"index, follow, max-snippet:-1, max-image-preview:large, max-video-preview:-1\" \/>\n<link rel=\"canonical\" href=\"https:\/\/idl-cugir.ro\/m1\/m1-1\/\" \/>\n<meta property=\"og:locale\" content=\"en_US\" \/>\n<meta property=\"og:type\" content=\"article\" \/>\n<meta property=\"og:title\" content=\"Istoric - Liceul Tehnologic Ion D. L\u0103z\u0103rescu Cugir\" \/>\n<meta property=\"og:description\" content=\"SCURT ISTORIC AL \u00ceNV\u0102\u0162\u0102M\u00c2NTULUI TEHNIC DIN CUGIR \u00centre anii 1896-1905 a func\u0163ionat \u00een Cugir o form\u0103 de \u00eenv\u0103\u0163\u0103m\u00e2nt profesional cu 4 ani\u00a0 de \u00eenv\u0103\u0163\u0103tur\u0103. \u015ecoala era patronat\u0103 de Uzina de Continue Reading &rarr;\" \/>\n<meta property=\"og:url\" content=\"https:\/\/idl-cugir.ro\/m1\/m1-1\/\" \/>\n<meta property=\"og:site_name\" content=\"Liceul Tehnologic Ion D. L\u0103z\u0103rescu Cugir\" \/>\n<meta property=\"article:modified_time\" content=\"2012-11-16T09:54:14+00:00\" \/>\n<meta name=\"twitter:card\" content=\"summary_large_image\" \/>\n<meta name=\"twitter:label1\" content=\"Est. reading time\" \/>\n\t<meta name=\"twitter:data1\" content=\"3 minutes\" \/>\n<script type=\"application\/ld+json\" class=\"yoast-schema-graph\">{\"@context\":\"https:\\\/\\\/schema.org\",\"@graph\":[{\"@type\":\"WebPage\",\"@id\":\"https:\\\/\\\/idl-cugir.ro\\\/m1\\\/m1-1\\\/\",\"url\":\"https:\\\/\\\/idl-cugir.ro\\\/m1\\\/m1-1\\\/\",\"name\":\"Istoric - Liceul Tehnologic Ion D. L\u0103z\u0103rescu Cugir\",\"isPartOf\":{\"@id\":\"https:\\\/\\\/idl-cugir.ro\\\/#website\"},\"datePublished\":\"2012-11-14T10:39:12+00:00\",\"dateModified\":\"2012-11-16T09:54:14+00:00\",\"breadcrumb\":{\"@id\":\"https:\\\/\\\/idl-cugir.ro\\\/m1\\\/m1-1\\\/#breadcrumb\"},\"inLanguage\":\"en-US\",\"potentialAction\":[{\"@type\":\"ReadAction\",\"target\":[\"https:\\\/\\\/idl-cugir.ro\\\/m1\\\/m1-1\\\/\"]}]},{\"@type\":\"BreadcrumbList\",\"@id\":\"https:\\\/\\\/idl-cugir.ro\\\/m1\\\/m1-1\\\/#breadcrumb\",\"itemListElement\":[{\"@type\":\"ListItem\",\"position\":1,\"name\":\"Home\",\"item\":\"https:\\\/\\\/idl-cugir.ro\\\/\"},{\"@type\":\"ListItem\",\"position\":2,\"name\":\"Despre noi\",\"item\":\"https:\\\/\\\/idl-cugir.ro\\\/m1\\\/\"},{\"@type\":\"ListItem\",\"position\":3,\"name\":\"Istoric\"}]},{\"@type\":\"WebSite\",\"@id\":\"https:\\\/\\\/idl-cugir.ro\\\/#website\",\"url\":\"https:\\\/\\\/idl-cugir.ro\\\/\",\"name\":\"Liceul Tehnologic Ion D. L\u0103z\u0103rescu Cugir\",\"description\":\"\",\"publisher\":{\"@id\":\"https:\\\/\\\/idl-cugir.ro\\\/#organization\"},\"potentialAction\":[{\"@type\":\"SearchAction\",\"target\":{\"@type\":\"EntryPoint\",\"urlTemplate\":\"https:\\\/\\\/idl-cugir.ro\\\/?s={search_term_string}\"},\"query-input\":{\"@type\":\"PropertyValueSpecification\",\"valueRequired\":true,\"valueName\":\"search_term_string\"}}],\"inLanguage\":\"en-US\"},{\"@type\":\"Organization\",\"@id\":\"https:\\\/\\\/idl-cugir.ro\\\/#organization\",\"name\":\"Liceul Tehnologic Ion D. L\u0103z\u0103rescu Cugir\",\"url\":\"https:\\\/\\\/idl-cugir.ro\\\/\",\"logo\":{\"@type\":\"ImageObject\",\"inLanguage\":\"en-US\",\"@id\":\"https:\\\/\\\/idl-cugir.ro\\\/#\\\/schema\\\/logo\\\/image\\\/\",\"url\":\"https:\\\/\\\/idl-cugir.ro\\\/wp-content\\\/uploads\\\/2026\\\/04\\\/SiglaLTIDL.jpg\",\"contentUrl\":\"https:\\\/\\\/idl-cugir.ro\\\/wp-content\\\/uploads\\\/2026\\\/04\\\/SiglaLTIDL.jpg\",\"width\":1314,\"height\":1391,\"caption\":\"Liceul Tehnologic Ion D. L\u0103z\u0103rescu Cugir\"},\"image\":{\"@id\":\"https:\\\/\\\/idl-cugir.ro\\\/#\\\/schema\\\/logo\\\/image\\\/\"}}]}<\/script>\n<!-- \/ Yoast SEO plugin. -->","yoast_head_json":{"title":"Istoric - Liceul Tehnologic Ion D. L\u0103z\u0103rescu Cugir","robots":{"index":"index","follow":"follow","max-snippet":"max-snippet:-1","max-image-preview":"max-image-preview:large","max-video-preview":"max-video-preview:-1"},"canonical":"https:\/\/idl-cugir.ro\/m1\/m1-1\/","og_locale":"en_US","og_type":"article","og_title":"Istoric - Liceul Tehnologic Ion D. L\u0103z\u0103rescu Cugir","og_description":"SCURT ISTORIC AL \u00ceNV\u0102\u0162\u0102M\u00c2NTULUI TEHNIC DIN CUGIR \u00centre anii 1896-1905 a func\u0163ionat \u00een Cugir o form\u0103 de \u00eenv\u0103\u0163\u0103m\u00e2nt profesional cu 4 ani\u00a0 de \u00eenv\u0103\u0163\u0103tur\u0103. \u015ecoala era patronat\u0103 de Uzina de Continue Reading &rarr;","og_url":"https:\/\/idl-cugir.ro\/m1\/m1-1\/","og_site_name":"Liceul Tehnologic Ion D. L\u0103z\u0103rescu Cugir","article_modified_time":"2012-11-16T09:54:14+00:00","twitter_card":"summary_large_image","twitter_misc":{"Est. reading time":"3 minutes"},"schema":{"@context":"https:\/\/schema.org","@graph":[{"@type":"WebPage","@id":"https:\/\/idl-cugir.ro\/m1\/m1-1\/","url":"https:\/\/idl-cugir.ro\/m1\/m1-1\/","name":"Istoric - Liceul Tehnologic Ion D. L\u0103z\u0103rescu Cugir","isPartOf":{"@id":"https:\/\/idl-cugir.ro\/#website"},"datePublished":"2012-11-14T10:39:12+00:00","dateModified":"2012-11-16T09:54:14+00:00","breadcrumb":{"@id":"https:\/\/idl-cugir.ro\/m1\/m1-1\/#breadcrumb"},"inLanguage":"en-US","potentialAction":[{"@type":"ReadAction","target":["https:\/\/idl-cugir.ro\/m1\/m1-1\/"]}]},{"@type":"BreadcrumbList","@id":"https:\/\/idl-cugir.ro\/m1\/m1-1\/#breadcrumb","itemListElement":[{"@type":"ListItem","position":1,"name":"Home","item":"https:\/\/idl-cugir.ro\/"},{"@type":"ListItem","position":2,"name":"Despre noi","item":"https:\/\/idl-cugir.ro\/m1\/"},{"@type":"ListItem","position":3,"name":"Istoric"}]},{"@type":"WebSite","@id":"https:\/\/idl-cugir.ro\/#website","url":"https:\/\/idl-cugir.ro\/","name":"Liceul Tehnologic Ion D. L\u0103z\u0103rescu Cugir","description":"","publisher":{"@id":"https:\/\/idl-cugir.ro\/#organization"},"potentialAction":[{"@type":"SearchAction","target":{"@type":"EntryPoint","urlTemplate":"https:\/\/idl-cugir.ro\/?s={search_term_string}"},"query-input":{"@type":"PropertyValueSpecification","valueRequired":true,"valueName":"search_term_string"}}],"inLanguage":"en-US"},{"@type":"Organization","@id":"https:\/\/idl-cugir.ro\/#organization","name":"Liceul Tehnologic Ion D. L\u0103z\u0103rescu Cugir","url":"https:\/\/idl-cugir.ro\/","logo":{"@type":"ImageObject","inLanguage":"en-US","@id":"https:\/\/idl-cugir.ro\/#\/schema\/logo\/image\/","url":"https:\/\/idl-cugir.ro\/wp-content\/uploads\/2026\/04\/SiglaLTIDL.jpg","contentUrl":"https:\/\/idl-cugir.ro\/wp-content\/uploads\/2026\/04\/SiglaLTIDL.jpg","width":1314,"height":1391,"caption":"Liceul Tehnologic Ion D. L\u0103z\u0103rescu Cugir"},"image":{"@id":"https:\/\/idl-cugir.ro\/#\/schema\/logo\/image\/"}}]}},"_links":{"self":[{"href":"https:\/\/idl-cugir.ro\/wp-json\/wp\/v2\/pages\/27","targetHints":{"allow":["GET"]}}],"collection":[{"href":"https:\/\/idl-cugir.ro\/wp-json\/wp\/v2\/pages"}],"about":[{"href":"https:\/\/idl-cugir.ro\/wp-json\/wp\/v2\/types\/page"}],"author":[{"embeddable":true,"href":"https:\/\/idl-cugir.ro\/wp-json\/wp\/v2\/users\/1"}],"replies":[{"embeddable":true,"href":"https:\/\/idl-cugir.ro\/wp-json\/wp\/v2\/comments?post=27"}],"version-history":[{"count":6,"href":"https:\/\/idl-cugir.ro\/wp-json\/wp\/v2\/pages\/27\/revisions"}],"predecessor-version":[{"id":75,"href":"https:\/\/idl-cugir.ro\/wp-json\/wp\/v2\/pages\/27\/revisions\/75"}],"up":[{"embeddable":true,"href":"https:\/\/idl-cugir.ro\/wp-json\/wp\/v2\/pages\/23"}],"wp:attachment":[{"href":"https:\/\/idl-cugir.ro\/wp-json\/wp\/v2\/media?parent=27"}],"curies":[{"name":"wp","href":"https:\/\/api.w.org\/{rel}","templated":true}]}}